{"id":222,"date":"2024-10-13T00:00:00","date_gmt":"2023-10-13T03:47:07","guid":{"rendered":"https:\/\/wordpressthemes.live\/WCG10\/WCM231_cosmika\/cosmetic03\/?post_type=product&#038;p=222"},"modified":"2025-09-01T10:38:33","modified_gmt":"2025-09-01T10:38:33","slug":"huile-vegetale-de-romarin-60ml","status":"publish","type":"product","link":"https:\/\/phytokhar.ma\/index.php\/product\/huile-vegetale-de-romarin-60ml\/","title":{"rendered":"Huile V\u00e9g\u00e9tale de Romarin 60ml"},"content":{"rendered":"<h3>Pr\u00e9sentation de produit :<\/h3>\n<p>Flacon en verre ambr\u00e9 (teint\u00e9 marron) avec son vaporisateur blanc de 60ml<\/p>\n<h3>Indications :<\/h3>\n<p>Le Romarin (Rosmarinus officinalis) est un arbuste pouvant mesurer entre 1 et 2 m\u00e8tres de hauteur. Originaire de la r\u00e9gion m\u00e9diterran\u00e9enne, ses fleurs sont petites, de formes violettes et se regroupent en grappes.<br \/>\nLe romarin est non seulement un condiment appr\u00e9ci\u00e9 en cuisine, mais est \u00e9galement reconnu pour ses vertus m\u00e9dicinales et cosm\u00e9tiques.<br \/>\nSoins Capillaires :<\/p>\n<ul>\n<li>Stimule la pousse des cheveux : Favorise la circulation sanguine au niveau du cuir chevelu, apportant plus de nutriments aux follicules pileux.<\/li>\n<li>Lutte contre la chute des cheveux : Renforce les follicules et r\u00e9duit la casse.<\/li>\n<li>R\u00e9gule le s\u00e9bum : Utile pour les cheveux gras et les cuirs chevelus sujets aux pellicules.<\/li>\n<li>Apporte brillance et vitalit\u00e9 aux cheveux ternes et fatigu\u00e9s.<\/li>\n<li>Assainit le cuir chevelu et apaise les d\u00e9mangeaisons.<\/li>\n<li>Anti-pelliculaire : Le romarin participe \u00e0 apaiser les sensations d\u2019irritation et de d\u00e9mangeaison souvent associ\u00e9es \u00e0 la pr\u00e9sence de pellicules. De plus son action anti-fongique aide \u00e0 purifier le cuir chevelu.<\/li>\n<\/ul>\n<h3>Soins Cutan\u00e9s :<\/h3>\n<ul>\n<li><strong>Antioxydant<\/strong> : Prot\u00e8ge la peau des radicaux libres et du vieillissement pr\u00e9matur\u00e9.<br \/>\nPurifiant et \u00c9quilibrant : Sebo-r\u00e9gulateur le romarin aide \u00e0 \u00e9quilibrer la production de s\u00e9bum au niveau des glandes s\u00e9bac\u00e9es et est largement conseill\u00e9 pour am\u00e9liorer l\u2019\u00e9tat des cheveux gras.<\/li>\n<li><strong>Tonifiant et Revitalisant<\/strong> : Donne de l&rsquo;\u00e9clat aux peaux fatigu\u00e9es et fl\u00e9tries.<\/li>\n<li><strong>Apaisant :<\/strong> Peut calmer les irritations cutan\u00e9es l\u00e9g\u00e8res, les rougeurs.<\/li>\n<li><strong>Cicatrisant :<\/strong> Aide \u00e0 la r\u00e9g\u00e9n\u00e9ration de la peau pour les petites plaies, br\u00fblures l\u00e9g\u00e8res, ou piq\u00fbres d&rsquo;insectes.<\/li>\n<\/ul>\n<h3>Massages :<\/h3>\n<p>D\u00e9contractant musculaire : Utile pour des massages apaisants en cas de tensions musculaires l\u00e9g\u00e8res.<\/p>\n<p>Stimulant<strong> circulatoire :<\/strong> Pour dynamiser le corps et soulager les sensations de jambes lourdes.<\/p>\n<h3>Utilisations :<\/h3>\n<p><strong>&#8211; Pour les cheveux et le cuir chevelu :<\/strong> Appliquez l&rsquo;huile de romarin directement sur votre cuir chevelu, raie par raie, massez doucement du bout des doigts pendant 5 \u00e0 10 minutes pour bien faire p\u00e9n\u00e9trer l&rsquo;huile et activer la circulation sanguine.<br \/>\nSi vos longueurs et pointes sont s\u00e8ches, vous pouvez \u00e9galement en appliquer l\u00e9g\u00e8rement sur celles-ci. Laissez poser 30 minutes \u00e0 2 heures. Lavez vos cheveux avec un shampoing doux.<br \/>\n<strong>Pour le visage (peaux grasses, acn\u00e9iques ou matures) :<\/strong> Apr\u00e8s avoir nettoy\u00e9 et tonifi\u00e9 votre peau, pr\u00e9levez quelques gouttes d\u2019huile de romarin. Appliquez sur l&rsquo;ensemble de votre visage et de votre cou en massant d\u00e9licatement jusqu&rsquo;\u00e0 absorption.<br \/>\n<strong>Pour le massage corporel :<\/strong> Versez une quantit\u00e9 g\u00e9n\u00e9reuse d\u2019huile de romarin dans le creux de votre main (selon la surface \u00e0 masser). Appliquez sur la zone \u00e0 masser (dos, jambes, \u00e9paules, etc.) et effectuez des mouvements circulaires et des pressions pour d\u00e9tendre les muscles et stimuler la circulation.<\/p>\n<h3>Les ingr\u00e9dients :<\/h3>\n<p>Huile De Romarin 100% pure<\/p>\n<h3>Pr\u00e9cautions d\u2019emploi\u202f:<\/h3>\n<p><strong>Test de tol\u00e9rance :<\/strong> Avant toute application large (visage, cuir chevelu, corps), appliquez une petite quantit\u00e9 dans le pli du coude pendant 24h pour d\u00e9tecter toute r\u00e9action allergique.<br \/>\n<strong>Femmes enceintes, allaitantes et enfants de moins de 6 ans :<\/strong> \u00c9viter l\u2019utilisation cutan\u00e9e prolong\u00e9e.<br \/>\n<strong>Conservation :<\/strong> Conserver le flacon \u00e0 l\u2019abri de la lumi\u00e8re, de la chaleur et de l\u2019humidit\u00e9. Bien refermer apr\u00e8s usage pour \u00e9viter l\u2019oxydation. \u00c0 consommer dans les 12 mois apr\u00e8s ouverture.<\/p>\n","protected":false},"excerpt":{"rendered":"<p>Stimule la croissance des cheveux, pr\u00e9vient la chute des cheveux, apaise les cuirs chevelus pr\u00e9venir l\u2019apparition pr\u00e9matur\u00e9e des cheveux blancs. Antioxydante, antibact\u00e9rien, antimycosique, antiallergique, antiseptique, anti-inflammatoires.<\/p>\n","protected":false},"featured_media":868,"comment_status":"open","ping_status":"closed","template":"","meta":{"_bst_post_transparent":"default","_bst_post_title":"","_bst_post_layout":"default","_bst_post_sidebar_id":"","_bst_post_content_style":"default","_bst_post_vertical_padding":"default","_bst_post_feature":"","_bst_post_feature_position":"","_bst_post_header":false,"_bst_post_footer":false},"product_brand":[],"product_cat":[85,84],"product_tag":[],"product_brands":[],"class_list":{"0":"post-222","1":"product","2":"type-product","3":"status-publish","4":"has-post-thumbnail","6":"product_cat-huile-vegetale","7":"product_cat-huiles","9":"first","10":"instock","11":"taxable","12":"shipping-taxable","13":"purchasable","14":"product-type-simple","15":"entry","16":"content-bg","17":"loop-entry"},"_links":{"self":[{"href":"https:\/\/phytokhar.ma\/index.php\/wp-json\/wp\/v2\/product\/222","targetHints":{"allow":["GET"]}}],"collection":[{"href":"https:\/\/phytokhar.ma\/index.php\/wp-json\/wp\/v2\/product"}],"about":[{"href":"https:\/\/phytokhar.ma\/index.php\/wp-json\/wp\/v2\/types\/product"}],"replies":[{"embeddable":true,"href":"https:\/\/phytokhar.ma\/index.php\/wp-json\/wp\/v2\/comments?post=222"}],"wp:featuredmedia":[{"embeddable":true,"href":"https:\/\/phytokhar.ma\/index.php\/wp-json\/wp\/v2\/media\/868"}],"wp:attachment":[{"href":"https:\/\/phytokhar.ma\/index.php\/wp-json\/wp\/v2\/media?parent=222"}],"wp:term":[{"taxonomy":"product_brand","embeddable":true,"href":"https:\/\/phytokhar.ma\/index.php\/wp-json\/wp\/v2\/product_brand?post=222"},{"taxonomy":"product_cat","embeddable":true,"href":"https:\/\/phytokhar.ma\/index.php\/wp-json\/wp\/v2\/product_cat?post=222"},{"taxonomy":"product_tag","embeddable":true,"href":"https:\/\/phytokhar.ma\/index.php\/wp-json\/wp\/v2\/product_tag?post=222"},{"taxonomy":"product_brands","embeddable":true,"href":"https:\/\/phytokhar.ma\/index.php\/wp-json\/wp\/v2\/product_brands?post=222"}],"curies":[{"name":"wp","href":"https:\/\/api.w.org\/{rel}","templated":true}]}}