{"id":220,"date":"2024-10-13T00:00:00","date_gmt":"2023-10-13T03:42:56","guid":{"rendered":"https:\/\/wordpressthemes.live\/WCG10\/WCM231_cosmika\/cosmetic03\/?post_type=product&#038;p=220"},"modified":"2025-08-27T10:33:04","modified_gmt":"2025-08-27T10:33:04","slug":"psoriasis-et-dermatite-50ml","status":"publish","type":"product","link":"https:\/\/phytokhar.ma\/index.php\/product\/psoriasis-et-dermatite-50ml\/","title":{"rendered":"Psoriasis et dermatite 50ml"},"content":{"rendered":"<h3>Pr\u00e9sentation de produit :<\/h3>\n<p>Pot \u00e0 cr\u00e8me (50ml) en PP naturel \u00e0 double paroi avec un couvercle blanc et obturateur transparent<\/p>\n<h3>Indications :<\/h3>\n<p>La dermatite est une inflammation de la peau, non contagieuse, souvent accompagn\u00e9e de d\u00e9mangeaisons, rougeurs et parfois de suintement.<br \/>\nLe psoriasis est une maladie auto-immune, chronique, qui acc\u00e9l\u00e8re le renouvellement cellulaire de la peau, provoquant des plaques \u00e9paisses, rouges, avec des squames blanches.<br \/>\nLa Cr\u00e8me Psoriasis et dermatite r\u00e9duit les sympt\u00f4mes typiques du psoriasis et dermatite en normalisant la production des cellules cutan\u00e9es et leur temps de maturation.<br \/>\nElle acc\u00e9l\u00e8re le r\u00e9tablissement de la barri\u00e8re cutan\u00e9e en activant les m\u00e9canismes naturels de r\u00e9paration de la peau et fortifie la barri\u00e8re cutan\u00e9e gr\u00e2ce \u00e0 la cr\u00e9ation d&rsquo;un bouclier protecteur et gr\u00e2ce \u00e0 la pr\u00e9vention de la perte d&rsquo;eau de l&rsquo;int\u00e9rieur vers l&rsquo;ext\u00e9rieur.<br \/>\nLa cr\u00e8me Psoriasis et dermatite est un soin dermatologique pour le traitement des sympt\u00f4mes du psoriasis et dermatite tels que: Dermatite atopique (ecz\u00e9ma atopique), Dermatite de contact irritative\/allergique,<br \/>\nDermatite s\u00e9borrh\u00e9ique, Dermatite de stase, Dermatite herp\u00e9tiforme, Psoriasis en plaques (vulgaire), Psoriasis en gouttes, Psoriasis pustuleux, Psoriasis \u00e9rythrodermique, Psoriasis du cuir chevelu, Psoriasis des ongles, Psoriasis inverse<\/p>\n<h3>Utilisations :<\/h3>\n<p>Pr\u00e9paration avant l&rsquo;application<br \/>\n<strong>Lavez vos mains :<\/strong> Lavez soigneusement vos mains \u00e0 l&rsquo;eau et au savon avant d&rsquo;appliquer la cr\u00e8me pour \u00e9viter d&rsquo;introduire des bact\u00e9ries sur la zone affect\u00e9e.<br \/>\nNettoyez la zone affect\u00e9e : Nettoyez d\u00e9licatement la zone de peau \u00e0 traiter avec un nettoyant doux et sans savon, puis s\u00e9chez-la en tapotant doucement avec une serviette propre. \u00c9vitez de frotter.<\/p>\n<p>Application de la cr\u00e8me<br \/>\n<strong>Quantit\u00e9 :<\/strong> N&rsquo;utilisez qu&rsquo;une petite quantit\u00e9 de cr\u00e8me. Le principe est d&rsquo;appliquer une couche fine et uniforme.<br \/>\n\u00c9talez doucement : Appliquez la cr\u00e8me sur la zone affect\u00e9e en l&rsquo;\u00e9talant doucement et uniform\u00e9ment. Ne frottez pas vigoureusement. Le but est de couvrir toute la zone malade, mais pas au-del\u00e0. Ne pas appliquer sur une peau Fr\u00e9quence d\u2019application : 1 \u00e0 2 applications par jour (le soir)<\/p>\n<p>Apr\u00e8s l&rsquo;application<br \/>\n<strong>Lavez vos mains :<\/strong> Lavez \u00e0 nouveau vos mains apr\u00e8s l&rsquo;application de la cr\u00e8me (sauf si vos mains sont la zone \u00e0 traiter)<br \/>\n<strong>Laissez absorber :<\/strong> Laissez la cr\u00e8me p\u00e9n\u00e9trer pendant quelques minutes avant de vous habiller ou d&rsquo;appliquer d&rsquo;autres produits (comme un hydratant).<\/p>\n<h3>Les ingr\u00e9dients :<\/h3>\n<p>Huile de noyau d\u2019Argania Spinosa (Argan), Huile de Cocos Nucifera (Noix de Coco), Beurre de Butyrospermum Parkii (Karit\u00e9), HE g\u00e9ranium rosat, HE lavande Fine, HE tea tree, HE camomille bleu, HE palmarosa, HE bois de rose.<\/p>\n<h3>Pr\u00e9cautions d\u2019emploi\u202f:<\/h3>\n<p>Test de tol\u00e9rance : Avant toute application large (visage, cuir chevelu, corps), appliquez une petite quantit\u00e9 dans le pli du coude pendant 24 h pour d\u00e9tecter toute r\u00e9action allergique.<br \/>\nYeux et muqueuses : \u00c9viter tout contact avec les yeux, le contour des yeux et les muqueuses sensibles.<br \/>\nFemmes enceintes, allaitantes et enfants de moins de 3 ans<br \/>\nConservation : Conserver le pot \u00e0 l\u2019abri de la lumi\u00e8re, de la chaleur et de l\u2019humidit\u00e9. Bien refermer apr\u00e8s usage pour \u00e9viter l\u2019oxydation. \u00c0 consommer dans les 12 mois apr\u00e8s ouverture.<\/p>\n<h3>Conseils importants :<\/h3>\n<p>Ne m\u00e9langez jamais deux cr\u00e8mes diff\u00e9rentes.<br \/>\n\u00c9vitez de gratter la peau m\u00eame en cas de d\u00e9mangeaisons.<br \/>\nContinuez l\u2019hydratation m\u00eame apr\u00e8s la disparition des sympt\u00f4mes pour pr\u00e9venir les rechutes.<br \/>\n\u00c9vitez les v\u00eatements serr\u00e9s ou synth\u00e9tiques sur les zones trait\u00e9es.<br \/>\n<strong>Pendant la douche :<\/strong><br \/>\nPr\u00e9f\u00e9rez les douches aux bains, en \u00e9vitant les douches trop chaudes (&lt;36\u00b0C).<br \/>\nNe prenez pas de douche ou de bain trop long (20 minutes maximum).<br \/>\nPrivil\u00e9giez les soins lavants cosm\u00e9tiques sans savon tels que l\u2019Huile Lavante Topialyse (avec parfum) ou le Baume Lavant Topialyse (sans parfum).<br \/>\n<strong>Apr\u00e8s sa douche :<\/strong><br \/>\nS\u00e9chez sa peau en tapotant avec une serviette douce<br \/>\nLe stress est l\u2019un des facteurs qui peuvent favoriser l\u2019apparition des l\u00e9sions de psoriasis.<\/p>\n","protected":false},"excerpt":{"rendered":"<p>La cr\u00e8me Psoriasis et dermatite pour visage et corps :<\/p>\n<ul>\n<li>100% naturelle, adapt\u00e9e aux peaux sensibles.<\/li>\n<li>Soulage les d\u00e9mangeaisons et hydrate en profondeur.<\/li>\n<li>R\u00e9duit les rougeurs et restaure la barri\u00e8re cutan\u00e9e.<\/li>\n<\/ul>\n","protected":false},"featured_media":872,"comment_status":"open","ping_status":"closed","template":"","meta":{"_bst_post_transparent":"default","_bst_post_title":"","_bst_post_layout":"default","_bst_post_sidebar_id":"","_bst_post_content_style":"default","_bst_post_vertical_padding":"default","_bst_post_feature":"","_bst_post_feature_position":"","_bst_post_header":false,"_bst_post_footer":false},"product_brand":[],"product_cat":[89,88],"product_tag":[],"product_brands":[],"class_list":{"0":"post-220","1":"product","2":"type-product","3":"status-publish","4":"has-post-thumbnail","6":"product_cat-cremes","7":"product_cat-soins-visage-et-corps","9":"first","10":"instock","11":"taxable","12":"shipping-taxable","13":"purchasable","14":"product-type-simple","15":"entry","16":"content-bg","17":"loop-entry"},"_links":{"self":[{"href":"https:\/\/phytokhar.ma\/index.php\/wp-json\/wp\/v2\/product\/220","targetHints":{"allow":["GET"]}}],"collection":[{"href":"https:\/\/phytokhar.ma\/index.php\/wp-json\/wp\/v2\/product"}],"about":[{"href":"https:\/\/phytokhar.ma\/index.php\/wp-json\/wp\/v2\/types\/product"}],"replies":[{"embeddable":true,"href":"https:\/\/phytokhar.ma\/index.php\/wp-json\/wp\/v2\/comments?post=220"}],"wp:featuredmedia":[{"embeddable":true,"href":"https:\/\/phytokhar.ma\/index.php\/wp-json\/wp\/v2\/media\/872"}],"wp:attachment":[{"href":"https:\/\/phytokhar.ma\/index.php\/wp-json\/wp\/v2\/media?parent=220"}],"wp:term":[{"taxonomy":"product_brand","embeddable":true,"href":"https:\/\/phytokhar.ma\/index.php\/wp-json\/wp\/v2\/product_brand?post=220"},{"taxonomy":"product_cat","embeddable":true,"href":"https:\/\/phytokhar.ma\/index.php\/wp-json\/wp\/v2\/product_cat?post=220"},{"taxonomy":"product_tag","embeddable":true,"href":"https:\/\/phytokhar.ma\/index.php\/wp-json\/wp\/v2\/product_tag?post=220"},{"taxonomy":"product_brands","embeddable":true,"href":"https:\/\/phytokhar.ma\/index.php\/wp-json\/wp\/v2\/product_brands?post=220"}],"curies":[{"name":"wp","href":"https:\/\/api.w.org\/{rel}","templated":true}]}}